{"id":118,"date":"2023-02-07T18:02:25","date_gmt":"2023-02-07T18:02:25","guid":{"rendered":"https:\/\/em.avilaweb.es\/?page_id=118"},"modified":"2025-04-30T07:58:30","modified_gmt":"2025-04-30T07:58:30","slug":"aviso-legal","status":"publish","type":"page","link":"https:\/\/emprocurementconsulting.com\/en\/aviso-legal\/","title":{"rendered":"Aviso legal"},"content":{"rendered":"<p><\/p>\n\n\n\n<p>El presente aviso legal regula las condiciones de uso de la Web <a href=\"https:\/\/emprocurementconsulting.com\/en\/\">www.emprocurementconsulting.com<\/a>, (en adelante,<strong> la Web<\/strong>).<\/p>\n\n\n\n<p><strong>Titular:<\/strong><\/p>\n\n\n\n<p>El titular de la Web es Eloy Mart\u00ednez Contreras, (en adelante<strong> EM<\/strong>), NIF 77.806.044-B y domicilio en Sevilla.<\/p>\n\n\n\n<p>EM tiene como objeto prestar servicios de consultor\u00eda, externalizaci\u00f3n y formaci\u00f3n en gesti\u00f3n de compras. &nbsp;El e-mail de contacto es emgp@emprocurementconsulting.com<\/p>\n\n\n\n<ol style=\"list-style-type:1\" class=\"wp-block-list\">\n<li><strong>Condiciones aplicables:<\/strong><\/li>\n<\/ol>\n\n\n\n<p>El acceso a la Web implica la aceptaci\u00f3n de las condiciones recogidas en la misma, incluyendo el presente aviso legal.<\/p>\n\n\n\n<p>Ser\u00e1n aplicables las condiciones que se encuentren publicadas en cada momento en dicha Web, reserv\u00e1ndose EM el derecho a cambiar el contenido, presentaci\u00f3n, localizaci\u00f3n o servicios ofrecidos a trav\u00e9s de la web y las condiciones aplicables a los mismos, as\u00ed como a limitar o no permitir el acceso a la Web.<\/p>\n\n\n\n<ul class=\"wp-block-list\">\n<li><strong>Propiedad intelectual e industrial:<\/strong><\/li>\n<\/ul>\n\n\n\n<p>La titularidad de la Web y del software utilizado en la misma corresponden a EM, as\u00ed como cualesquiera derechos sobre los mismos. Igualmente las im\u00e1genes, textos, logos, dise\u00f1os, marcas, nombres comerciales o cualesquiera otros elementos o contenidos recogidos en la Web corresponden a EM o terceros que hayan podido autorizar su uso en la misma. Por lo tanto queda prohibida la explotaci\u00f3n, reproducci\u00f3n, transmisi\u00f3n, modificaci\u00f3n, traducci\u00f3n, distribuci\u00f3n, cesi\u00f3n, transformaci\u00f3n o comunicaci\u00f3n p\u00fablica, incluida su modalidad de puesta a disposici\u00f3n, de la totalidad o parte de los contenidos de la Web, en cualquier soporte, salvo que EM lo autorice previa y expresamente. El acceso a la Web no supone la concesi\u00f3n de derecho alguno a los usuarios.<\/p>\n\n\n\n<p>Para realizar cualquier observaci\u00f3n sobre posibles incumplimientos en materia de propiedad intelectual o industrial el usuario puede dirigirse a emgp@emprocurementconsulting.com<\/p>\n\n\n\n<ul class=\"wp-block-list\">\n<li><strong>Finalidad y funcionamiento:<\/strong><\/li>\n<\/ul>\n\n\n\n<p>La finalidad de la Web es informar de los servicios prestados por EM, que \u00e9sta podr\u00e1 modificar en cuanto al contenido, precios y condiciones en cualquier momento.<\/p>\n\n\n\n<ul class=\"wp-block-list\">\n<li><strong>Acceso:<\/strong><\/li>\n<\/ul>\n\n\n\n<p>EM se reserva el derecho a limitar el acceso a contenidos o \u00e1reas de la Web a determinados usuarios, a los que podr\u00e1n proporcionarse claves personales. Las claves que puedan proporcionarse ser\u00e1n de uso exclusivo del usuario, siendo cada uno de ellos responsable de mantener la confidencialidad de las mismas, su uso y custodia, manteniendo indemne a EM por cualquier perjuicio que el uso de las claves pudiera ocasionarles.<\/p>\n\n\n\n<p>EM podr\u00e1 cancelar el acceso a la Web a los usuarios que realicen un uso indebido de la misma, que la utilicen con fines il\u00edcitos o incumplan las condiciones establecidas por EM en la Web o en este aviso legal.<\/p>\n\n\n\n<p>EM podr\u00e1 suspender el funcionamiento de la Web, sin que garantice la disponibilidad, continuidad o infalibilidad de la misma, por lo que no ser\u00e1 responsable por los perjuicios que puedan ocasionarse por las ca\u00eddas, interrupciones o fallos en las telecomunicaciones.<\/p>\n\n\n\n<p>En ning\u00fan caso EM, sus representantes, empleados o colaboradores ser\u00e1n responsables por los perjuicios que puedan derivarse del acceso y uso de la Web, incluy\u00e9ndose, sin car\u00e1cter limitativo, los ocasionados en los sistemas inform\u00e1ticos o los producidos por ataques o virus inform\u00e1ticos.<\/p>\n\n\n\n<ul class=\"wp-block-list\">\n<li><strong>Exenci\u00f3n de responsabilidad:<\/strong><\/li>\n<\/ul>\n\n\n\n<p>La consulta o uso de la Web no genera relaci\u00f3n contractual alguna con EM.<\/p>\n\n\n\n<p>EM no es responsable de la informaci\u00f3n contenida en la Web que corresponda a contenidos introducidos o manipulados por terceros.<\/p>\n\n\n\n<p>EM no asume responsabilidad por la falta de utilidad o adecuaci\u00f3n de la informaci\u00f3n contenida en la Web a las expectativas o necesidades de los usuarios, ni garantiza resultados concretos como consecuencia de su uso.<\/p>\n\n\n\n<p>En caso de que cualquier usuario considere que cualesquiera contenidos de la Web son il\u00edcitos, infringen la Ley, derechos propios o de terceros, podr\u00e1 notificarlo en la direcci\u00f3n de correo electr\u00f3nico indicada al inicio del presente aviso legal, proporcionando cuanta informaci\u00f3n pueda ser necesaria para que en su caso EM pueda actuar en consecuencia.<\/p>\n\n\n\n<ul class=\"wp-block-list\">\n<li><strong>Obligaciones de los usuarios:<\/strong><\/li>\n<\/ul>\n\n\n\n<p>Los usuarios, mediante el acceso a la Web, manifiestan ser mayores de edad y tener capacidad de obrar.<\/p>\n\n\n\n<p>Los usuarios, al usar la Web, se comprometen a:<\/p>\n\n\n\n<ul class=\"wp-block-list\">\n<li>Suministrar datos veraces y actualizados, asumiendo cualquier responsabilidad que se derive los da\u00f1os y perjuicios que puedan producirse como consecuencia de la falta de veracidad, exactitud, vigencia o autenticidad de los datos.<\/li>\n\n\n\n<li>Utilizar la Web y la informaci\u00f3n contenida en ella \u00fanicamente con los fines previstos en este Aviso Legal, con cumplimiento de la Ley, la moral y el orden p\u00fablico y el respeto a los derechos de terceros.<\/li>\n<\/ul>\n\n\n\n<ul class=\"wp-block-list\">\n<li><strong>Protecci\u00f3n de Datos:<\/strong><\/li>\n<\/ul>\n\n\n\n<p>El acceso a la Web no supone que el usuario est\u00e9 obligado a facilitar datos acerca de s\u00ed mismo, o que los datos que proporcione puedan calificarse como datos de car\u00e1cter personal.<\/p>\n\n\n\n<p>En caso de que se recogieran datos de car\u00e1cter personal los mismos ser\u00e1n tratados de conformidad con la normativa de protecci\u00f3n de datos aplicable, lo que se describe en la pol\u00edtica de privacidad de EM: <a href=\"https:\/\/emprocurementconsulting.com\/en\/politica-de-privacidad\/\">https:\/\/emprocurementconsulting.com\/politica-de-privacidad\/<\/a><\/p>\n\n\n\n<ul class=\"wp-block-list\">\n<li><strong>Enlaces:<\/strong><\/li>\n<\/ul>\n\n\n\n<p>Los enlaces o referencias a otros sitios web que en su caso puedan recogerse en la Web tendr\u00e1n en todo caso finalidad informativa, sin que ello suponga relaci\u00f3n alguna de esos sitios web con EM o \u00e9sta asuma responsabilidad alguna por los contenidos, exactitud o uso de esos otros sitios web. Dichas referencias no podr\u00e1n considerarse en ning\u00fan caso como invitaci\u00f3n a contratar otros productos o servicios, recomendaci\u00f3n o apoyo a los mismos.<\/p>\n\n\n\n<p>En todo&nbsp; caso, proceder\u00e1 a la retirada inmediata de cualquier contenido que pudiera ser contrario a cualquier normativa, la moral o el orden p\u00fablico, procediendo a la retirada inmediata de la redirecci\u00f3n a dicho sitio web, poniendo en conocimiento de las autoridades competentes el contenido en cuesti\u00f3n.<\/p>\n\n\n\n<p>EM no se hace responsable de la informaci\u00f3n y contenidos almacenados, a t\u00edtulo enunciativo pero no limitativo, en foros, chats, generadores de blogs, comentarios, redes sociales o cualquier otro medio que permita a terceros publicar contenidos de forma independiente en la Web.<\/p>\n\n\n\n<p>No se permitir\u00e1n enlaces de ning\u00fan tipo a la Web por parte de otros sitios web salvo que se cuente con la previa autorizaci\u00f3n expresa de EM.<\/p>\n\n\n\n<ul class=\"wp-block-list\">\n<li><strong>Comentarios, opiniones y derechos:<\/strong><\/li>\n<\/ul>\n\n\n\n<p>En caso de que existan apartados de la Web en los que se permita realizar comentarios o verter opiniones, los comentarios u opiniones ser\u00e1n responsabilidad de quien los realice, sin que EM sea responsable de los mismos, su veracidad, exactitud o los perjuicios que pudieran causar.<\/p>\n\n\n\n<p>Los usuarios que publiquen contenidos en la Web se comprometen a utilizar \u00fanicamente contenidos de su propiedad exclusiva o respecto de los que cuenten con autorizaci\u00f3n de uso, y conceden a EM licencia universal, por tiempo ilimitado, para todos los pa\u00edses del mundo y gratuita para la publicaci\u00f3n y mantenimiento de esos contenidos en la Web.<\/p>\n\n\n\n<p>En caso de que los usuarios proporcionen im\u00e1genes en cualquier forma, \u00e9stos ceden a EM sus derechos de imagen por tiempo ilimitado, para todos los pa\u00edses del mundo y de forma gratuita para que puedan publicarse y mantenerse en la Web.<\/p>\n\n\n\n<p>EM podr\u00e1 revisar los comentarios y opiniones, y no permitir su publicaci\u00f3n o eliminarla en caso de que se utilicen con fines il\u00edcitos, para finalidad publicitaria, con utilizaci\u00f3n de t\u00e9rminos ofensivos, que contengan informaciones incorrectas o contrarias al presente aviso legal o que impliquen la infracci\u00f3n de cualquier normativa o resoluci\u00f3n administrativa.<\/p>\n\n\n\n<ol style=\"list-style-type:1\" class=\"wp-block-list\">\n<li><strong>Cookies:<\/strong><\/li>\n<\/ol>\n\n\n\n<p>El uso de cookies est\u00e1 regulado en la pol\u00edtica dese Cookies de EM: <a href=\"https:\/\/emprocurementconsulting.com\/en\/politica-de-cookies\/\">https:\/\/emprocurementconsulting.com\/politica-de-cookies\/<\/a><\/p>\n\n\n\n<ol style=\"list-style-type:1\" class=\"wp-block-list\">\n<li><strong>Comunicaciones electr\u00f3nicas:<\/strong><\/li>\n<\/ol>\n\n\n\n<p>EM no remitir\u00e1 comunicaciones electr\u00f3nicas sin cumplir con la normativa que resulte de aplicaci\u00f3n, en especial la Ley 34\/2002, de 11 de julio, de Servicios de la Sociedad de la Informaci\u00f3n y de Comercio Electr\u00f3nico.<\/p>\n\n\n\n<ol style=\"list-style-type:1\" class=\"wp-block-list\">\n<li><strong>Ley aplicable:<\/strong><\/li>\n<\/ol>\n\n\n\n<p>El presente aviso se rige por la ley com\u00fan espa\u00f1ola. Cualquier controversia que pueda suscitarse en relaci\u00f3n con el uso de la Web se somete a la jurisdicci\u00f3n de los Juzgados y Tribunales de Sevilla.<\/p>","protected":false},"excerpt":{"rendered":"<p>El presente aviso legal regula las condiciones de uso de la Web www.emprocurementconsulting.com, (en adelante, la Web). Titular: El titular de la Web es Eloy Mart\u00ednez Contreras, (en adelante EM), NIF 77.806.044-B y domicilio en Sevilla. EM tiene como objeto prestar servicios de consultor\u00eda, externalizaci\u00f3n y formaci\u00f3n en gesti\u00f3n de compras. &nbsp;El e-mail de contacto [&hellip;]<\/p>\n","protected":false},"author":1,"featured_media":0,"parent":0,"menu_order":0,"comment_status":"closed","ping_status":"closed","template":"","meta":{"footnotes":""},"class_list":["post-118","page","type-page","status-publish","hentry"],"yoast_head":"<!-- This site is optimized with the Yoast SEO Premium plugin v20.1 (Yoast SEO v27.4) - https:\/\/yoast.com\/product\/yoast-seo-premium-wordpress\/ -->\n<title>Aviso legal - EM Procurement Consulting<\/title>\n<meta name=\"robots\" content=\"index, follow, max-snippet:-1, max-image-preview:large, max-video-preview:-1\" \/>\n<link rel=\"canonical\" href=\"https:\/\/emprocurementconsulting.com\/en\/aviso-legal\/\" \/>\n<meta property=\"og:locale\" content=\"en_GB\" \/>\n<meta property=\"og:type\" content=\"article\" \/>\n<meta property=\"og:title\" content=\"Aviso legal\" \/>\n<meta property=\"og:description\" content=\"El presente aviso legal regula las condiciones de uso de la Web www.emprocurementconsulting.com, (en adelante, la Web). Titular: El titular de la Web es Eloy Mart\u00ednez Contreras, (en adelante EM), NIF 77.806.044-B y domicilio en Sevilla. EM tiene como objeto prestar servicios de consultor\u00eda, externalizaci\u00f3n y formaci\u00f3n en gesti\u00f3n de compras. &nbsp;El e-mail de contacto [&hellip;]\" \/>\n<meta property=\"og:url\" content=\"https:\/\/emprocurementconsulting.com\/en\/aviso-legal\/\" \/>\n<meta property=\"og:site_name\" content=\"EM Procurement Consulting\" \/>\n<meta property=\"article:modified_time\" content=\"2025-04-30T07:58:30+00:00\" \/>\n<meta name=\"twitter:card\" content=\"summary_large_image\" \/>\n<meta name=\"twitter:label1\" content=\"Estimated reading time\" \/>\n\t<meta name=\"twitter:data1\" content=\"6 minutes\" \/>\n<script type=\"application\/ld+json\" class=\"yoast-schema-graph\">{\"@context\":\"https:\\\/\\\/schema.org\",\"@graph\":[{\"@type\":\"WebPage\",\"@id\":\"https:\\\/\\\/emprocurementconsulting.com\\\/aviso-legal\\\/\",\"url\":\"https:\\\/\\\/emprocurementconsulting.com\\\/aviso-legal\\\/\",\"name\":\"Aviso legal - EM Procurement Consulting\",\"isPartOf\":{\"@id\":\"https:\\\/\\\/emprocurementconsulting.com\\\/#website\"},\"datePublished\":\"2023-02-07T18:02:25+00:00\",\"dateModified\":\"2025-04-30T07:58:30+00:00\",\"breadcrumb\":{\"@id\":\"https:\\\/\\\/emprocurementconsulting.com\\\/aviso-legal\\\/#breadcrumb\"},\"inLanguage\":\"en-GB\",\"potentialAction\":[{\"@type\":\"ReadAction\",\"target\":[\"https:\\\/\\\/emprocurementconsulting.com\\\/aviso-legal\\\/\"]}]},{\"@type\":\"BreadcrumbList\",\"@id\":\"https:\\\/\\\/emprocurementconsulting.com\\\/aviso-legal\\\/#breadcrumb\",\"itemListElement\":[{\"@type\":\"ListItem\",\"position\":1,\"name\":\"Portada\",\"item\":\"https:\\\/\\\/emprocurementconsulting.com\\\/\"},{\"@type\":\"ListItem\",\"position\":2,\"name\":\"Aviso legal\"}]},{\"@type\":\"WebSite\",\"@id\":\"https:\\\/\\\/emprocurementconsulting.com\\\/#website\",\"url\":\"https:\\\/\\\/emprocurementconsulting.com\\\/\",\"name\":\"EM Procurement Consulting\",\"description\":\"Servicios de compras y aprovisionamientos para empresas\",\"publisher\":{\"@id\":\"https:\\\/\\\/emprocurementconsulting.com\\\/#organization\"},\"potentialAction\":[{\"@type\":\"SearchAction\",\"target\":{\"@type\":\"EntryPoint\",\"urlTemplate\":\"https:\\\/\\\/emprocurementconsulting.com\\\/?s={search_term_string}\"},\"query-input\":{\"@type\":\"PropertyValueSpecification\",\"valueRequired\":true,\"valueName\":\"search_term_string\"}}],\"inLanguage\":\"en-GB\"},{\"@type\":\"Organization\",\"@id\":\"https:\\\/\\\/emprocurementconsulting.com\\\/#organization\",\"name\":\"EM Global Procurement\",\"alternateName\":\"EM\",\"url\":\"https:\\\/\\\/emprocurementconsulting.com\\\/\",\"logo\":{\"@type\":\"ImageObject\",\"inLanguage\":\"en-GB\",\"@id\":\"https:\\\/\\\/emprocurementconsulting.com\\\/#\\\/schema\\\/logo\\\/image\\\/\",\"url\":\"https:\\\/\\\/emprocurementconsulting.com\\\/wp-content\\\/uploads\\\/Logo_EM_Global-Procurement.svg\",\"contentUrl\":\"https:\\\/\\\/emprocurementconsulting.com\\\/wp-content\\\/uploads\\\/Logo_EM_Global-Procurement.svg\",\"caption\":\"EM Global Procurement\"},\"image\":{\"@id\":\"https:\\\/\\\/emprocurementconsulting.com\\\/#\\\/schema\\\/logo\\\/image\\\/\"},\"sameAs\":[\"https:\\\/\\\/www.linkedin.com\\\/company\\\/em-global-procurement\\\/\"]}]}<\/script>\n<!-- \/ Yoast SEO Premium plugin. -->","yoast_head_json":{"title":"Aviso legal - EM Procurement Consulting","robots":{"index":"index","follow":"follow","max-snippet":"max-snippet:-1","max-image-preview":"max-image-preview:large","max-video-preview":"max-video-preview:-1"},"canonical":"https:\/\/emprocurementconsulting.com\/en\/aviso-legal\/","og_locale":"en_GB","og_type":"article","og_title":"Aviso legal","og_description":"El presente aviso legal regula las condiciones de uso de la Web www.emprocurementconsulting.com, (en adelante, la Web). Titular: El titular de la Web es Eloy Mart\u00ednez Contreras, (en adelante EM), NIF 77.806.044-B y domicilio en Sevilla. EM tiene como objeto prestar servicios de consultor\u00eda, externalizaci\u00f3n y formaci\u00f3n en gesti\u00f3n de compras. &nbsp;El e-mail de contacto [&hellip;]","og_url":"https:\/\/emprocurementconsulting.com\/en\/aviso-legal\/","og_site_name":"EM Procurement Consulting","article_modified_time":"2025-04-30T07:58:30+00:00","twitter_card":"summary_large_image","twitter_misc":{"Estimated reading time":"6 minutes"},"schema":{"@context":"https:\/\/schema.org","@graph":[{"@type":"WebPage","@id":"https:\/\/emprocurementconsulting.com\/aviso-legal\/","url":"https:\/\/emprocurementconsulting.com\/aviso-legal\/","name":"Aviso legal - EM Procurement Consulting","isPartOf":{"@id":"https:\/\/emprocurementconsulting.com\/#website"},"datePublished":"2023-02-07T18:02:25+00:00","dateModified":"2025-04-30T07:58:30+00:00","breadcrumb":{"@id":"https:\/\/emprocurementconsulting.com\/aviso-legal\/#breadcrumb"},"inLanguage":"en-GB","potentialAction":[{"@type":"ReadAction","target":["https:\/\/emprocurementconsulting.com\/aviso-legal\/"]}]},{"@type":"BreadcrumbList","@id":"https:\/\/emprocurementconsulting.com\/aviso-legal\/#breadcrumb","itemListElement":[{"@type":"ListItem","position":1,"name":"Portada","item":"https:\/\/emprocurementconsulting.com\/"},{"@type":"ListItem","position":2,"name":"Aviso legal"}]},{"@type":"WebSite","@id":"https:\/\/emprocurementconsulting.com\/#website","url":"https:\/\/emprocurementconsulting.com\/","name":"EM Procurement Consulting","description":"Servicios de compras y aprovisionamientos para empresas","publisher":{"@id":"https:\/\/emprocurementconsulting.com\/#organization"},"potentialAction":[{"@type":"SearchAction","target":{"@type":"EntryPoint","urlTemplate":"https:\/\/emprocurementconsulting.com\/?s={search_term_string}"},"query-input":{"@type":"PropertyValueSpecification","valueRequired":true,"valueName":"search_term_string"}}],"inLanguage":"en-GB"},{"@type":"Organization","@id":"https:\/\/emprocurementconsulting.com\/#organization","name":"EM Global Procurement","alternateName":"EM","url":"https:\/\/emprocurementconsulting.com\/","logo":{"@type":"ImageObject","inLanguage":"en-GB","@id":"https:\/\/emprocurementconsulting.com\/#\/schema\/logo\/image\/","url":"https:\/\/emprocurementconsulting.com\/wp-content\/uploads\/Logo_EM_Global-Procurement.svg","contentUrl":"https:\/\/emprocurementconsulting.com\/wp-content\/uploads\/Logo_EM_Global-Procurement.svg","caption":"EM Global Procurement"},"image":{"@id":"https:\/\/emprocurementconsulting.com\/#\/schema\/logo\/image\/"},"sameAs":["https:\/\/www.linkedin.com\/company\/em-global-procurement\/"]}]}},"_links":{"self":[{"href":"https:\/\/emprocurementconsulting.com\/en\/wp-json\/wp\/v2\/pages\/118","targetHints":{"allow":["GET"]}}],"collection":[{"href":"https:\/\/emprocurementconsulting.com\/en\/wp-json\/wp\/v2\/pages"}],"about":[{"href":"https:\/\/emprocurementconsulting.com\/en\/wp-json\/wp\/v2\/types\/page"}],"author":[{"embeddable":true,"href":"https:\/\/emprocurementconsulting.com\/en\/wp-json\/wp\/v2\/users\/1"}],"replies":[{"embeddable":true,"href":"https:\/\/emprocurementconsulting.com\/en\/wp-json\/wp\/v2\/comments?post=118"}],"version-history":[{"count":18,"href":"https:\/\/emprocurementconsulting.com\/en\/wp-json\/wp\/v2\/pages\/118\/revisions"}],"predecessor-version":[{"id":2452,"href":"https:\/\/emprocurementconsulting.com\/en\/wp-json\/wp\/v2\/pages\/118\/revisions\/2452"}],"wp:attachment":[{"href":"https:\/\/emprocurementconsulting.com\/en\/wp-json\/wp\/v2\/media?parent=118"}],"curies":[{"name":"wp","href":"https:\/\/api.w.org\/{rel}","templated":true}]}}